{"id":162,"date":"2022-11-24T22:46:47","date_gmt":"2022-11-24T22:46:47","guid":{"rendered":"https:\/\/globemakers.com\/?post_type=product&#038;p=162"},"modified":"2022-12-26T19:44:37","modified_gmt":"2022-12-26T19:44:37","slug":"our-moon","status":"publish","type":"product","link":"https:\/\/globemakers.com\/de\/shop\/our-moon\/","title":{"rendered":"Our Moon"},"content":{"rendered":"<p>Our moon globe uses NASA&#8217;s data, dipicting the whole surface of our moon, this globe is made in the traditional way of 12 hand papered gores applied to a plaster sphere. The example is supplied on a small hand turned base made from reclaimed timber.<\/p>\n<p>We believe this small lunar globe will be most useful in demonstrating eclipses, phases of the moon etc. It is interesting to note that the proportional distance between a 12&#8243; diameter Earth and this moon would be an impressive 30ft! An informative leaflet will be supplied with all globe listing facts and experiments that can be undertaken.<\/p>\n<p>Prices for packing and delivery vary depending where are. If you are interested in any of our globes on our web site, please email us the reference number(s) and state which country you live in and if you require a shipping quote.<\/p>\n<p><strong>MOON FACTS<\/strong><\/p>\n<p>The moon is 384,400 km from Earth (about 30 Earth diameters) and is 3,476 km in diameter.<\/p>\n<p>The Earth&#8217;s diameter is 3.67 times as big as the Moon&#8217;s, and the Earth has 50 times the volume of the Moon. The volume of the Earth is 1.0832_1021 m_, The volume of the Moon is 0.02196_1021 m_ ( 1\/50 0f Earth&#8217;s volume).<\/p>\n<p>In our solar system, the Earth&#8217;s orbital plane around the Sun is known as the ecliptic, and the Earth&#8217;s axial tilt is (officially) called the obliquity of the ecliptic. (about 23.45 degrees in 2006) In formulas it is abbreviated with the Greek letter _. The angle of the Moon&#8217;s orbit to the plane of the ecliptic is 5.145 degrees.<\/p>\n<p>The Earth spins on its own axis at a rate of 365.256 revs\/orbit (365.256 days\/year) The Moon&#8217;s Orbital period. The synodic rotation of the Moon (motion relative to the Sun) is 29.53059 days. As it rotates the Earth we see different amounts of the Moon lit by the Sun. These are called the phases of the moon. New moon \u00c9 waxing crescent \u00c9 first quarter (half moon) \u00c9 waxing gibbous \u00c9 full moon \u00c9 waning gibbous \u00c9 third quarter (half moon) \u00c9 waning crescent and then \u00c9 New moon.<\/p>\n<p>The Moon spins on its own axis at a rate of exactly 1 revolution per orbit, so we always see the same side of the Moon when we look up. The moon&#8217;s orbit is an ellipse, an ellipse has two foci and the earth is at one of them. As the moon travels round its elliptical orbit it moves nearer to and further away from the Earth. At perigee (the closest position &#8211; 360,000 km away) the Moon has a visual width of 33 arc-minutes. At apogee (the furthest position &#8211; 405,000 km away) it has a width of 29 arc-minutes. Because of the axial tilt of the Earth and the tilt of the Moon&#8217;s orbit, the Moon is sometimes high in the sky, at other times it is only just above the horizon. Highest and lowest positions in the sky? Highest = (90-your latitude) +(23.45 + 5.15) from the horizon Lowest = (90-your latitude) \u00d0 (23.45 + 5.15) from the horizon e.g. from London, Highest is (90-51.50) +(23.45 + 5.15) from the horizon = 67.3 degrees Lowest = (90-51.50) \u00d0 (23.45 + 5.15) from the horizon = 9.9 degrees.<\/p>\n<p>Compiled by Peter Grimwood<\/p>\n<p>www.orreries.co.uk<\/p>","protected":false},"excerpt":{"rendered":"<p>It is a little surprising that despite the fact that globe manufacturers will always make a 12&#8243; diameter terrestrial globe as their standard size, they to date have not made a scale model of the Earth&#8217;s moon in a proportional scale. To date numerous 13 inch, 12 inch and 6 inch Lunar globes have been made, but none in scale with a 12&#8243; terrestrial Earth.<\/p>\n<p>On turned wooden stand.<\/p>","protected":false},"featured_media":445,"template":"","meta":{"_monsterinsights_skip_tracking":false,"_monsterinsights_sitenote_active":false,"_monsterinsights_sitenote_note":"","_monsterinsights_sitenote_category":0,"_uf_show_specific_survey":0,"_uf_disable_surveys":false},"product_brand":[],"product_cat":[28],"product_tag":[],"class_list":{"0":"post-162","1":"product","2":"type-product","3":"status-publish","4":"has-post-thumbnail","6":"product_cat-planetary","7":"product_shipping_class-mm","8":false,"10":"has-post-title","11":"has-post-date","12":"has-post-category","13":"has-post-tag","14":"has-post-comment","15":"has-post-author","18":"first","19":"instock","20":"shipping-taxable","21":"purchasable","22":"product-type-simple"},"yoast_head":"<!-- This site is optimized with the Yoast SEO plugin v27.5 - https:\/\/yoast.com\/product\/yoast-seo-wordpress\/ -->\n<title>Our Moon - Greaves &amp; Thomas<\/title>\n<meta name=\"robots\" content=\"index, follow, max-snippet:-1, max-image-preview:large, max-video-preview:-1\" \/>\n<link rel=\"canonical\" href=\"https:\/\/globemakers.com\/de\/shop\/our-moon\/\" \/>\n<meta property=\"og:locale\" content=\"de_DE\" \/>\n<meta property=\"og:type\" content=\"article\" \/>\n<meta property=\"og:title\" content=\"Our Moon - Greaves &amp; Thomas\" \/>\n<meta property=\"og:description\" content=\"It is a little surprising that despite the fact that globe manufacturers will always make a 12&quot; diameter terrestrial globe as their standard size, they to date have not made a scale model of the Earth&#039;s moon in a proportional scale. To date numerous 13 inch, 12 inch and 6 inch Lunar globes have been made, but none in scale with a 12&quot; terrestrial Earth.  On turned wooden stand.\" \/>\n<meta property=\"og:url\" content=\"https:\/\/globemakers.com\/de\/shop\/our-moon\/\" \/>\n<meta property=\"og:site_name\" content=\"Greaves &amp; Thomas\" \/>\n<meta property=\"article:publisher\" content=\"https:\/\/www.facebook.com\/www.greavesandthomas.co.uk\" \/>\n<meta property=\"article:modified_time\" content=\"2022-12-26T19:44:37+00:00\" \/>\n<meta property=\"og:image\" content=\"https:\/\/globemakers.com\/wp-content\/uploads\/2022\/11\/Moon.png\" \/>\n\t<meta property=\"og:image:width\" content=\"560\" \/>\n\t<meta property=\"og:image:height\" content=\"560\" \/>\n\t<meta property=\"og:image:type\" content=\"image\/png\" \/>\n<meta name=\"twitter:card\" content=\"summary_large_image\" \/>\n<meta name=\"twitter:label1\" content=\"Gesch\u00e4tzte Lesezeit\" \/>\n\t<meta name=\"twitter:data1\" content=\"3\u00a0Minuten\" \/>\n<script type=\"application\/ld+json\" class=\"yoast-schema-graph\">{\"@context\":\"https:\\\/\\\/schema.org\",\"@graph\":[{\"@type\":\"WebPage\",\"@id\":\"https:\\\/\\\/globemakers.com\\\/de\\\/shop\\\/our-moon\\\/\",\"url\":\"https:\\\/\\\/globemakers.com\\\/de\\\/shop\\\/our-moon\\\/\",\"name\":\"Our Moon - Greaves &amp; Thomas\",\"isPartOf\":{\"@id\":\"https:\\\/\\\/globemakers.com\\\/#website\"},\"primaryImageOfPage\":{\"@id\":\"https:\\\/\\\/globemakers.com\\\/de\\\/shop\\\/our-moon\\\/#primaryimage\"},\"image\":{\"@id\":\"https:\\\/\\\/globemakers.com\\\/de\\\/shop\\\/our-moon\\\/#primaryimage\"},\"thumbnailUrl\":\"https:\\\/\\\/globemakers.com\\\/wp-content\\\/uploads\\\/2022\\\/11\\\/Moon.png\",\"datePublished\":\"2022-11-24T22:46:47+00:00\",\"dateModified\":\"2022-12-26T19:44:37+00:00\",\"breadcrumb\":{\"@id\":\"https:\\\/\\\/globemakers.com\\\/de\\\/shop\\\/our-moon\\\/#breadcrumb\"},\"inLanguage\":\"de\",\"potentialAction\":[{\"@type\":\"ReadAction\",\"target\":[\"https:\\\/\\\/globemakers.com\\\/de\\\/shop\\\/our-moon\\\/\"]}]},{\"@type\":\"ImageObject\",\"inLanguage\":\"de\",\"@id\":\"https:\\\/\\\/globemakers.com\\\/de\\\/shop\\\/our-moon\\\/#primaryimage\",\"url\":\"https:\\\/\\\/globemakers.com\\\/wp-content\\\/uploads\\\/2022\\\/11\\\/Moon.png\",\"contentUrl\":\"https:\\\/\\\/globemakers.com\\\/wp-content\\\/uploads\\\/2022\\\/11\\\/Moon.png\",\"width\":560,\"height\":560},{\"@type\":\"BreadcrumbList\",\"@id\":\"https:\\\/\\\/globemakers.com\\\/de\\\/shop\\\/our-moon\\\/#breadcrumb\",\"itemListElement\":[{\"@type\":\"ListItem\",\"position\":1,\"name\":\"Home\",\"item\":\"https:\\\/\\\/globemakers.com\\\/de\\\/\"},{\"@type\":\"ListItem\",\"position\":2,\"name\":\"Shop\",\"item\":\"https:\\\/\\\/globemakers.com\\\/de\\\/shop\\\/\"},{\"@type\":\"ListItem\",\"position\":3,\"name\":\"Our Moon\"}]},{\"@type\":\"WebSite\",\"@id\":\"https:\\\/\\\/globemakers.com\\\/#website\",\"url\":\"https:\\\/\\\/globemakers.com\\\/\",\"name\":\"Globemakers.com\",\"description\":\"The Globemakers\",\"publisher\":{\"@id\":\"https:\\\/\\\/globemakers.com\\\/#organization\"},\"potentialAction\":[{\"@type\":\"SearchAction\",\"target\":{\"@type\":\"EntryPoint\",\"urlTemplate\":\"https:\\\/\\\/globemakers.com\\\/?s={search_term_string}\"},\"query-input\":{\"@type\":\"PropertyValueSpecification\",\"valueRequired\":true,\"valueName\":\"search_term_string\"}}],\"inLanguage\":\"de\"},{\"@type\":\"Organization\",\"@id\":\"https:\\\/\\\/globemakers.com\\\/#organization\",\"name\":\"Greaves & Thomas bespoke hand made luxury globes of the world, moons, planets etc.\",\"url\":\"https:\\\/\\\/globemakers.com\\\/\",\"logo\":{\"@type\":\"ImageObject\",\"inLanguage\":\"de\",\"@id\":\"https:\\\/\\\/globemakers.com\\\/#\\\/schema\\\/logo\\\/image\\\/\",\"url\":\"https:\\\/\\\/i0.wp.com\\\/globemakers.com\\\/wp-content\\\/uploads\\\/2024\\\/02\\\/GT-Logo.jpg?fit=698%2C507&ssl=1\",\"contentUrl\":\"https:\\\/\\\/i0.wp.com\\\/globemakers.com\\\/wp-content\\\/uploads\\\/2024\\\/02\\\/GT-Logo.jpg?fit=698%2C507&ssl=1\",\"width\":698,\"height\":507,\"caption\":\"Greaves & Thomas bespoke hand made luxury globes of the world, moons, planets etc.\"},\"image\":{\"@id\":\"https:\\\/\\\/globemakers.com\\\/#\\\/schema\\\/logo\\\/image\\\/\"},\"sameAs\":[\"https:\\\/\\\/www.facebook.com\\\/www.greavesandthomas.co.uk\",\"https:\\\/\\\/www.instagram.com\\\/greavesandthomas\\\/\"]}]}<\/script>\n<!-- \/ Yoast SEO plugin. -->","yoast_head_json":{"title":"Our Moon - Greaves &amp; Thomas","robots":{"index":"index","follow":"follow","max-snippet":"max-snippet:-1","max-image-preview":"max-image-preview:large","max-video-preview":"max-video-preview:-1"},"canonical":"https:\/\/globemakers.com\/de\/shop\/our-moon\/","og_locale":"de_DE","og_type":"article","og_title":"Our Moon - Greaves &amp; Thomas","og_description":"It is a little surprising that despite the fact that globe manufacturers will always make a 12\" diameter terrestrial globe as their standard size, they to date have not made a scale model of the Earth's moon in a proportional scale. To date numerous 13 inch, 12 inch and 6 inch Lunar globes have been made, but none in scale with a 12\" terrestrial Earth.  On turned wooden stand.","og_url":"https:\/\/globemakers.com\/de\/shop\/our-moon\/","og_site_name":"Greaves &amp; Thomas","article_publisher":"https:\/\/www.facebook.com\/www.greavesandthomas.co.uk","article_modified_time":"2022-12-26T19:44:37+00:00","og_image":[{"width":560,"height":560,"url":"https:\/\/globemakers.com\/wp-content\/uploads\/2022\/11\/Moon.png","type":"image\/png"}],"twitter_card":"summary_large_image","twitter_misc":{"Gesch\u00e4tzte Lesezeit":"3\u00a0Minuten"},"schema":{"@context":"https:\/\/schema.org","@graph":[{"@type":"WebPage","@id":"https:\/\/globemakers.com\/de\/shop\/our-moon\/","url":"https:\/\/globemakers.com\/de\/shop\/our-moon\/","name":"Our Moon - Greaves &amp; Thomas","isPartOf":{"@id":"https:\/\/globemakers.com\/#website"},"primaryImageOfPage":{"@id":"https:\/\/globemakers.com\/de\/shop\/our-moon\/#primaryimage"},"image":{"@id":"https:\/\/globemakers.com\/de\/shop\/our-moon\/#primaryimage"},"thumbnailUrl":"https:\/\/globemakers.com\/wp-content\/uploads\/2022\/11\/Moon.png","datePublished":"2022-11-24T22:46:47+00:00","dateModified":"2022-12-26T19:44:37+00:00","breadcrumb":{"@id":"https:\/\/globemakers.com\/de\/shop\/our-moon\/#breadcrumb"},"inLanguage":"de","potentialAction":[{"@type":"ReadAction","target":["https:\/\/globemakers.com\/de\/shop\/our-moon\/"]}]},{"@type":"ImageObject","inLanguage":"de","@id":"https:\/\/globemakers.com\/de\/shop\/our-moon\/#primaryimage","url":"https:\/\/globemakers.com\/wp-content\/uploads\/2022\/11\/Moon.png","contentUrl":"https:\/\/globemakers.com\/wp-content\/uploads\/2022\/11\/Moon.png","width":560,"height":560},{"@type":"BreadcrumbList","@id":"https:\/\/globemakers.com\/de\/shop\/our-moon\/#breadcrumb","itemListElement":[{"@type":"ListItem","position":1,"name":"Home","item":"https:\/\/globemakers.com\/de\/"},{"@type":"ListItem","position":2,"name":"Shop","item":"https:\/\/globemakers.com\/de\/shop\/"},{"@type":"ListItem","position":3,"name":"Our Moon"}]},{"@type":"WebSite","@id":"https:\/\/globemakers.com\/#website","url":"https:\/\/globemakers.com\/","name":"Globemakers.com","description":"The Globemakers","publisher":{"@id":"https:\/\/globemakers.com\/#organization"},"potentialAction":[{"@type":"SearchAction","target":{"@type":"EntryPoint","urlTemplate":"https:\/\/globemakers.com\/?s={search_term_string}"},"query-input":{"@type":"PropertyValueSpecification","valueRequired":true,"valueName":"search_term_string"}}],"inLanguage":"de"},{"@type":"Organization","@id":"https:\/\/globemakers.com\/#organization","name":"Greaves & Thomas bespoke hand made luxury globes of the world, moons, planets etc.","url":"https:\/\/globemakers.com\/","logo":{"@type":"ImageObject","inLanguage":"de","@id":"https:\/\/globemakers.com\/#\/schema\/logo\/image\/","url":"https:\/\/i0.wp.com\/globemakers.com\/wp-content\/uploads\/2024\/02\/GT-Logo.jpg?fit=698%2C507&ssl=1","contentUrl":"https:\/\/i0.wp.com\/globemakers.com\/wp-content\/uploads\/2024\/02\/GT-Logo.jpg?fit=698%2C507&ssl=1","width":698,"height":507,"caption":"Greaves & Thomas bespoke hand made luxury globes of the world, moons, planets etc."},"image":{"@id":"https:\/\/globemakers.com\/#\/schema\/logo\/image\/"},"sameAs":["https:\/\/www.facebook.com\/www.greavesandthomas.co.uk","https:\/\/www.instagram.com\/greavesandthomas\/"]}]}},"jetpack_sharing_enabled":true,"builder_content":"","_links":{"self":[{"href":"https:\/\/globemakers.com\/de\/wp-json\/wp\/v2\/product\/162","targetHints":{"allow":["GET"]}}],"collection":[{"href":"https:\/\/globemakers.com\/de\/wp-json\/wp\/v2\/product"}],"about":[{"href":"https:\/\/globemakers.com\/de\/wp-json\/wp\/v2\/types\/product"}],"wp:featuredmedia":[{"embeddable":true,"href":"https:\/\/globemakers.com\/de\/wp-json\/wp\/v2\/media\/445"}],"wp:attachment":[{"href":"https:\/\/globemakers.com\/de\/wp-json\/wp\/v2\/media?parent=162"}],"wp:term":[{"taxonomy":"product_brand","embeddable":true,"href":"https:\/\/globemakers.com\/de\/wp-json\/wp\/v2\/product_brand?post=162"},{"taxonomy":"product_cat","embeddable":true,"href":"https:\/\/globemakers.com\/de\/wp-json\/wp\/v2\/product_cat?post=162"},{"taxonomy":"product_tag","embeddable":true,"href":"https:\/\/globemakers.com\/de\/wp-json\/wp\/v2\/product_tag?post=162"}],"curies":[{"name":"wp","href":"https:\/\/api.w.org\/{rel}","templated":true}]}}